{"id":1616,"date":"2025-06-25T21:02:47","date_gmt":"2025-06-25T18:02:47","guid":{"rendered":"https:\/\/autoshine.fi\/?post_type=product&#038;p=1616"},"modified":"2025-06-25T21:02:48","modified_gmt":"2025-06-25T18:02:48","slug":"2020-polychrom-lahjapakkaus-auton-nahkahoitoaine-lederpflege-500-ml-mikrokuituliina","status":"publish","type":"product","link":"https:\/\/autoshine.fi\/ua\/product\/2020-polychrom-lahjapakkaus-auton-nahkahoitoaine-lederpflege-500-ml-mikrokuituliina\/","title":{"rendered":"2020 POLYCHROM &#8211; Lahjapakkaus: Auton nahkahoitoaine \u201cLEDERPFLEGE\u201d, 500 ml + mikrokuituliina"},"content":{"rendered":"<p data-start=\"97\" data-end=\"305\">Erityisesti auton nahkapinnoille ja istuimille kehitetty tuote.<br data-start=\"160\" data-end=\"163\" \/>Imeytyy nopeasti huokosiin ja palauttaa nahan elastisuuden ja rakenteen.<br data-start=\"235\" data-end=\"238\" \/>Ehk\u00e4isee halkeilua, kuivuu nopeasti ja j\u00e4tt\u00e4\u00e4 miellytt\u00e4v\u00e4n tuoksun.<\/p>\n<p data-start=\"307\" data-end=\"453\"><strong data-start=\"307\" data-end=\"321\">KOOSTUMUS:<\/strong><br data-start=\"321\" data-end=\"324\" \/>Demineralisoitu vesi, silikoniemulsioseos (5\u201315 %), kationinen tensidi (&lt; 5 %), v\u00e4riaine, sakeuttamisaine, hajuste, s\u00e4il\u00f6nt\u00e4aine.<\/p>\n<p data-start=\"455\" data-end=\"636\"><strong data-start=\"455\" data-end=\"472\">K\u00c4YTT\u00d6OHJEET:<\/strong><br data-start=\"472\" data-end=\"475\" \/>Levit\u00e4 aine tasaisesti puhdistettavalle ja k\u00e4sitelt\u00e4v\u00e4lle pinnalle.<br data-start=\"542\" data-end=\"545\" \/>Pyyhi kuivalla, pehme\u00e4ll\u00e4 liinalla tai liinavaipalla, poistaen lian ja ylim\u00e4\u00e4r\u00e4isen aineen.<\/p>\n<p data-start=\"638\" data-end=\"686\"><strong data-start=\"638\" data-end=\"686\">\u00c4l\u00e4 k\u00e4yt\u00e4 oven saranoihin tai lasipinnoille.<\/strong><\/p>\n<p data-start=\"688\" data-end=\"785\"><strong data-start=\"688\" data-end=\"711\">S\u00c4ILYTYSOLOSUHTEET:<\/strong><br data-start=\"711\" data-end=\"714\" \/>S\u00e4ilyt\u00e4 +5 \u00b0C \u2013 +30 \u00b0C l\u00e4mp\u00f6tilassa, suojassa suoralta auringonvalolta.<\/p>\n<p data-start=\"787\" data-end=\"884\"><strong data-start=\"787\" data-end=\"801\">S\u00c4ILYVYYS:<\/strong><br data-start=\"801\" data-end=\"804\" \/>2 vuotta valmistusp\u00e4iv\u00e4st\u00e4. Er\u00e4numero ja valmistusp\u00e4iv\u00e4 on merkitty pakkaukseen.<\/p>\n<p data-start=\"886\" data-end=\"1012\"><strong data-start=\"886\" data-end=\"902\">VAROITUKSET:<\/strong><br data-start=\"902\" data-end=\"905\" \/>Noudata k\u00e4ytt\u00f6- ja s\u00e4ilytysohjeita.<br data-start=\"940\" data-end=\"943\" \/>Ennen k\u00e4ytt\u00f6\u00e4 testaa tuotteen v\u00e4rinkest\u00e4vyys huomaamattomaan kohtaan.<\/p>\n<p data-start=\"1014\" data-end=\"1253\" data-is-last-node=\"\" data-is-only-node=\"\"><strong data-start=\"1014\" data-end=\"1030\">TURVATOIMET:<\/strong><br data-start=\"1030\" data-end=\"1033\" \/>Varoitus! S\u00e4ilyt\u00e4 lasten ulottumattomissa. \u00c4l\u00e4 niele.<br data-start=\"1086\" data-end=\"1089\" \/>Jos ainetta joutuu iholle tai silmiin, huuhtele runsaalla vedell\u00e4 ja hakeudu tarvittaessa l\u00e4\u00e4k\u00e4riin.<br data-start=\"1189\" data-end=\"1192\" \/>K\u00e4yt\u00e4 henkil\u00f6kohtaisia suojavarusteita tuotetta k\u00e4ytt\u00e4ess\u00e4si.<\/p>","protected":false},"excerpt":{"rendered":"<p>Erityisesti auton nahkapinnoille ja istuimille kehitetty tuote.Imeytyy nopeasti huokosiin ja palauttaa nahan elastisuuden ja rakenteen.Ehk\u00e4isee halkeilua, kuivuu nopeasti ja j\u00e4tt\u00e4\u00e4 miellytt\u00e4v\u00e4n tuoksun. KOOSTUMUS:Demineralisoitu vesi, silikoniemulsioseos (5\u201315 %), kationinen tensidi (&lt; 5 %), v\u00e4riaine, sakeuttamisaine, hajuste, s\u00e4il\u00f6nt\u00e4aine. K\u00c4YTT\u00d6OHJEET:Levit\u00e4 aine tasaisesti puhdistettavalle ja k\u00e4sitelt\u00e4v\u00e4lle pinnalle.Pyyhi kuivalla, pehme\u00e4ll\u00e4 liinalla tai liinavaipalla, poistaen lian ja ylim\u00e4\u00e4r\u00e4isen aineen. \u00c4l\u00e4 k\u00e4yt\u00e4 [&hellip;]<\/p>","protected":false},"featured_media":1617,"comment_status":"open","ping_status":"closed","template":"","meta":{"site-sidebar-layout":"default","site-content-layout":"","ast-site-content-layout":"default","site-content-style":"default","site-sidebar-style":"default","ast-global-header-display":"","ast-banner-title-visibility":"","ast-main-header-display":"","ast-hfb-above-header-display":"","ast-hfb-below-header-display":"","ast-hfb-mobile-header-display":"","site-post-title":"","ast-breadcrumbs-content":"","ast-featured-img":"","footer-sml-layout":"","theme-transparent-header-meta":"default","adv-header-id-meta":"","stick-header-meta":"","header-above-stick-meta":"","header-main-stick-meta":"","header-below-stick-meta":"","astra-migrate-meta-layouts":"set","ast-page-background-enabled":"default","ast-page-background-meta":{"desktop":{"background-color":"var(--ast-global-color-4)","background-image":"","background-repeat":"repeat","background-position":"center center","background-size":"auto","background-attachment":"scroll","background-type":"","background-media":"","overlay-type":"","overlay-color":"","overlay-opacity":"","overlay-gradient":""},"tablet":{"background-color":"","background-image":"","background-repeat":"repeat","background-position":"center center","background-size":"auto","background-attachment":"scroll","background-type":"","background-media":"","overlay-type":"","overlay-color":"","overlay-opacity":"","overlay-gradient":""},"mobile":{"background-color":"","background-image":"","background-repeat":"repeat","background-position":"center center","background-size":"auto","background-attachment":"scroll","background-type":"","background-media":"","overlay-type":"","overlay-color":"","overlay-opacity":"","overlay-gradient":""}},"ast-content-background-meta":{"desktop":{"background-color":"var(--ast-global-color-5)","background-image":"","background-repeat":"repeat","background-position":"center center","background-size":"auto","background-attachment":"scroll","background-type":"","background-media":"","overlay-type":"","overlay-color":"","overlay-opacity":"","overlay-gradient":""},"tablet":{"background-color":"var(--ast-global-color-5)","background-image":"","background-repeat":"repeat","background-position":"center center","background-size":"auto","background-attachment":"scroll","background-type":"","background-media":"","overlay-type":"","overlay-color":"","overlay-opacity":"","overlay-gradient":""},"mobile":{"background-color":"var(--ast-global-color-5)","background-image":"","background-repeat":"repeat","background-position":"center center","background-size":"auto","background-attachment":"scroll","background-type":"","background-media":"","overlay-type":"","overlay-color":"","overlay-opacity":"","overlay-gradient":""}}},"product_brand":[],"product_cat":[61],"product_tag":[],"class_list":{"0":"post-1616","1":"product","2":"type-product","3":"status-publish","4":"has-post-thumbnail","6":"product_cat-lahjasetti","7":"desktop-align-left","8":"tablet-align-left","9":"mobile-align-center","11":"first","12":"instock","13":"sale","14":"shipping-taxable","15":"purchasable","16":"product-type-simple"},"_links":{"self":[{"href":"https:\/\/autoshine.fi\/ua\/wp-json\/wp\/v2\/product\/1616","targetHints":{"allow":["GET"]}}],"collection":[{"href":"https:\/\/autoshine.fi\/ua\/wp-json\/wp\/v2\/product"}],"about":[{"href":"https:\/\/autoshine.fi\/ua\/wp-json\/wp\/v2\/types\/product"}],"replies":[{"embeddable":true,"href":"https:\/\/autoshine.fi\/ua\/wp-json\/wp\/v2\/comments?post=1616"}],"wp:featuredmedia":[{"embeddable":true,"href":"https:\/\/autoshine.fi\/ua\/wp-json\/wp\/v2\/media\/1617"}],"wp:attachment":[{"href":"https:\/\/autoshine.fi\/ua\/wp-json\/wp\/v2\/media?parent=1616"}],"wp:term":[{"taxonomy":"product_brand","embeddable":true,"href":"https:\/\/autoshine.fi\/ua\/wp-json\/wp\/v2\/product_brand?post=1616"},{"taxonomy":"product_cat","embeddable":true,"href":"https:\/\/autoshine.fi\/ua\/wp-json\/wp\/v2\/product_cat?post=1616"},{"taxonomy":"product_tag","embeddable":true,"href":"https:\/\/autoshine.fi\/ua\/wp-json\/wp\/v2\/product_tag?post=1616"}],"curies":[{"name":"wp","href":"https:\/\/api.w.org\/{rel}","templated":true}]}}