{"id":1619,"date":"2025-06-25T21:05:09","date_gmt":"2025-06-25T18:05:09","guid":{"rendered":"https:\/\/autoshine.fi\/?post_type=product&#038;p=1619"},"modified":"2025-10-26T15:40:43","modified_gmt":"2025-10-26T12:40:43","slug":"2020-polychrom-lahjapakkaus-matta-muovi-ja-vinyylipinnoille-tarkoitettu-kiilloke-cockpit-reiniger-500-ml-mikrokuituliina-guavan-tuoksuinen","status":"publish","type":"product","link":"https:\/\/autoshine.fi\/ua\/product\/2020-polychrom-lahjapakkaus-matta-muovi-ja-vinyylipinnoille-tarkoitettu-kiilloke-cockpit-reiniger-500-ml-mikrokuituliina-guavan-tuoksuinen\/","title":{"rendered":"2020 POLYCHROM &#8211; Lahjapakkaus: Matta muovi- ja vinyylipinnoille tarkoitettu kiilloke \u201cCOCKPIT REINIGER\u201d 500 ml + mikrokuituliina (guavan tuoksuinen)"},"content":{"rendered":"<p data-start=\"154\" data-end=\"362\">Matta kiilloke muovi- ja vinyylipintojen puhdistukseen ja suojaukseen auton sis\u00e4tiloissa.<br data-start=\"243\" data-end=\"246\" \/>Palauttaa alkuper\u00e4isen ulkon\u00e4\u00f6n ja antaa pinnalle mattapinnan.<br data-start=\"308\" data-end=\"311\" \/>Antaa antistaattiset ja vett\u00e4hylkiv\u00e4t ominaisuudet.<\/p>\n<p data-start=\"364\" data-end=\"472\"><strong data-start=\"364\" data-end=\"378\">KOOSTUMUS:<\/strong><br data-start=\"378\" data-end=\"381\" \/>Demineralisoitu vesi, silikoniemulsioseos (5\u201315 %), elintarvikev\u00e4ri, hajuste, s\u00e4il\u00f6nt\u00e4aine.<\/p>\n<p data-start=\"474\" data-end=\"607\"><strong data-start=\"474\" data-end=\"491\">K\u00c4YTT\u00d6OHJEET:<\/strong><br data-start=\"491\" data-end=\"494\" \/>Levit\u00e4 nestett\u00e4 tasaisesti pinnalle suihkepullolla tai liinalla.<br data-start=\"558\" data-end=\"561\" \/>Hiero py\u00f6rivin liikkein huolellisesti pintaan.<\/p>\n<p data-start=\"609\" data-end=\"658\"><strong data-start=\"609\" data-end=\"658\">\u00c4l\u00e4 levit\u00e4 oven saranoihin tai lasipinnoille.<\/strong><\/p>\n<p data-start=\"660\" data-end=\"757\"><strong data-start=\"660\" data-end=\"683\">S\u00c4ILYTYSOLOSUHTEET:<\/strong><br data-start=\"683\" data-end=\"686\" \/>S\u00e4ilyt\u00e4 +5 \u00b0C \u2013 +30 \u00b0C l\u00e4mp\u00f6tilassa, suojassa suorasta auringonvalosta.<\/p>\n<p data-start=\"759\" data-end=\"856\"><strong data-start=\"759\" data-end=\"773\">S\u00c4ILYVYYS:<\/strong><br data-start=\"773\" data-end=\"776\" \/>2 vuotta valmistusp\u00e4iv\u00e4st\u00e4. Er\u00e4numero ja valmistusp\u00e4iv\u00e4 on merkitty pakkaukseen.<\/p>\n<p data-start=\"858\" data-end=\"912\"><strong data-start=\"858\" data-end=\"874\">VAROITUKSET:<\/strong><br data-start=\"874\" data-end=\"877\" \/>Noudata k\u00e4ytt\u00f6- ja s\u00e4ilytysohjeita.<\/p>\n<p data-start=\"914\" data-end=\"1154\" data-is-last-node=\"\" data-is-only-node=\"\"><strong data-start=\"914\" data-end=\"930\">TURVATOIMET:<\/strong><br data-start=\"930\" data-end=\"933\" \/>Varoitus! S\u00e4ilyt\u00e4 lasten ulottumattomissa. \u00c4l\u00e4 niele.<br data-start=\"986\" data-end=\"989\" \/>Jos tuotetta joutuu iholle tai silmiin, huuhtele runsaalla vedell\u00e4 ja hakeudu tarvittaessa l\u00e4\u00e4k\u00e4riin.<br data-start=\"1090\" data-end=\"1093\" \/>K\u00e4yt\u00e4 henkil\u00f6kohtaisia suojavarusteita tuotetta k\u00e4ytt\u00e4ess\u00e4si.<\/p>","protected":false},"excerpt":{"rendered":"<p>Matta kiilloke muovi- ja vinyylipintojen puhdistukseen ja suojaukseen auton sis\u00e4tiloissa.Palauttaa alkuper\u00e4isen ulkon\u00e4\u00f6n ja antaa pinnalle mattapinnan.Antaa antistaattiset ja vett\u00e4hylkiv\u00e4t ominaisuudet. KOOSTUMUS:Demineralisoitu vesi, silikoniemulsioseos (5\u201315 %), elintarvikev\u00e4ri, hajuste, s\u00e4il\u00f6nt\u00e4aine. K\u00c4YTT\u00d6OHJEET:Levit\u00e4 nestett\u00e4 tasaisesti pinnalle suihkepullolla tai liinalla.Hiero py\u00f6rivin liikkein huolellisesti pintaan. \u00c4l\u00e4 levit\u00e4 oven saranoihin tai lasipinnoille. S\u00c4ILYTYSOLOSUHTEET:S\u00e4ilyt\u00e4 +5 \u00b0C \u2013 +30 \u00b0C l\u00e4mp\u00f6tilassa, suojassa suorasta auringonvalosta. [&hellip;]<\/p>","protected":false},"featured_media":1620,"comment_status":"open","ping_status":"closed","template":"","meta":{"site-sidebar-layout":"default","site-content-layout":"","ast-site-content-layout":"default","site-content-style":"default","site-sidebar-style":"default","ast-global-header-display":"","ast-banner-title-visibility":"","ast-main-header-display":"","ast-hfb-above-header-display":"","ast-hfb-below-header-display":"","ast-hfb-mobile-header-display":"","site-post-title":"","ast-breadcrumbs-content":"","ast-featured-img":"","footer-sml-layout":"","theme-transparent-header-meta":"default","adv-header-id-meta":"","stick-header-meta":"","header-above-stick-meta":"","header-main-stick-meta":"","header-below-stick-meta":"","astra-migrate-meta-layouts":"set","ast-page-background-enabled":"default","ast-page-background-meta":{"desktop":{"background-color":"var(--ast-global-color-4)","background-image":"","background-repeat":"repeat","background-position":"center center","background-size":"auto","background-attachment":"scroll","background-type":"","background-media":"","overlay-type":"","overlay-color":"","overlay-opacity":"","overlay-gradient":""},"tablet":{"background-color":"","background-image":"","background-repeat":"repeat","background-position":"center center","background-size":"auto","background-attachment":"scroll","background-type":"","background-media":"","overlay-type":"","overlay-color":"","overlay-opacity":"","overlay-gradient":""},"mobile":{"background-color":"","background-image":"","background-repeat":"repeat","background-position":"center center","background-size":"auto","background-attachment":"scroll","background-type":"","background-media":"","overlay-type":"","overlay-color":"","overlay-opacity":"","overlay-gradient":""}},"ast-content-background-meta":{"desktop":{"background-color":"var(--ast-global-color-5)","background-image":"","background-repeat":"repeat","background-position":"center center","background-size":"auto","background-attachment":"scroll","background-type":"","background-media":"","overlay-type":"","overlay-color":"","overlay-opacity":"","overlay-gradient":""},"tablet":{"background-color":"var(--ast-global-color-5)","background-image":"","background-repeat":"repeat","background-position":"center center","background-size":"auto","background-attachment":"scroll","background-type":"","background-media":"","overlay-type":"","overlay-color":"","overlay-opacity":"","overlay-gradient":""},"mobile":{"background-color":"var(--ast-global-color-5)","background-image":"","background-repeat":"repeat","background-position":"center center","background-size":"auto","background-attachment":"scroll","background-type":"","background-media":"","overlay-type":"","overlay-color":"","overlay-opacity":"","overlay-gradient":""}}},"product_brand":[],"product_cat":[61],"product_tag":[],"class_list":{"0":"post-1619","1":"product","2":"type-product","3":"status-publish","4":"has-post-thumbnail","6":"product_cat-lahjasetti","7":"desktop-align-left","8":"tablet-align-left","9":"mobile-align-center","11":"first","12":"instock","13":"sale","14":"shipping-taxable","15":"purchasable","16":"product-type-simple"},"_links":{"self":[{"href":"https:\/\/autoshine.fi\/ua\/wp-json\/wp\/v2\/product\/1619","targetHints":{"allow":["GET"]}}],"collection":[{"href":"https:\/\/autoshine.fi\/ua\/wp-json\/wp\/v2\/product"}],"about":[{"href":"https:\/\/autoshine.fi\/ua\/wp-json\/wp\/v2\/types\/product"}],"replies":[{"embeddable":true,"href":"https:\/\/autoshine.fi\/ua\/wp-json\/wp\/v2\/comments?post=1619"}],"wp:featuredmedia":[{"embeddable":true,"href":"https:\/\/autoshine.fi\/ua\/wp-json\/wp\/v2\/media\/1620"}],"wp:attachment":[{"href":"https:\/\/autoshine.fi\/ua\/wp-json\/wp\/v2\/media?parent=1619"}],"wp:term":[{"taxonomy":"product_brand","embeddable":true,"href":"https:\/\/autoshine.fi\/ua\/wp-json\/wp\/v2\/product_brand?post=1619"},{"taxonomy":"product_cat","embeddable":true,"href":"https:\/\/autoshine.fi\/ua\/wp-json\/wp\/v2\/product_cat?post=1619"},{"taxonomy":"product_tag","embeddable":true,"href":"https:\/\/autoshine.fi\/ua\/wp-json\/wp\/v2\/product_tag?post=1619"}],"curies":[{"name":"wp","href":"https:\/\/api.w.org\/{rel}","templated":true}]}}