{"id":1645,"date":"2025-06-25T22:23:29","date_gmt":"2025-06-25T19:23:29","guid":{"rendered":"https:\/\/autoshine.fi\/?post_type=product&#038;p=1645"},"modified":"2025-10-27T12:21:48","modified_gmt":"2025-10-27T09:21:48","slug":"polyrole-shine-0-5","status":"publish","type":"product","link":"https:\/\/autoshine.fi\/ua\/product\/polyrole-shine-0-5\/","title":{"rendered":"Polyrooli purukumin tuoksu &#8221;Polychrom 2020 POLYROLE SHINE BUBBLE GUM&#8221;, 0,5L"},"content":{"rendered":"<p data-start=\"61\" data-end=\"126\"><strong data-start=\"61\" data-end=\"126\">KIILT\u00c4V\u00c4 MUOVIN JA VINYYLIN KIILLOTUSAINE PURUKUMIN TUOKSU<\/strong><\/p>\n<p data-start=\"128\" data-end=\"421\">Innovatiivinen koostumus auton sis\u00e4tilojen muovipintojen puhdistamiseen ja suojaamiseen. Antaa pinnalle kiilt\u00e4v\u00e4n kiillon. Pinta saa antistaattisia ja hydrofobisia ominaisuuksia, mink\u00e4 ansiosta se s\u00e4ilytt\u00e4\u00e4 uuden ja puhtaan ulkon\u00e4\u00f6n pidemp\u00e4\u00e4n. Tuote on k\u00e4ytt\u00f6valmis ja miellytt\u00e4v\u00e4n tuoksuinen.<\/p>\n<p data-start=\"423\" data-end=\"549\" data-is-last-node=\"\" data-is-only-node=\"\"><strong data-start=\"423\" data-end=\"438\">K\u00c4YTT\u00d6OHJE:<\/strong><br data-start=\"438\" data-end=\"441\" \/>Levit\u00e4 neste tasaisesti pinnalle suihkepullolla tai liinalla. Hiero huolellisesti py\u00f6rivin liikkein pintaan.<\/p>","protected":false},"excerpt":{"rendered":"<p>KIILT\u00c4V\u00c4 MUOVIN JA VINYYLIN KIILLOTUSAINE PURUKUMIN TUOKSU Innovatiivinen koostumus auton sis\u00e4tilojen muovipintojen puhdistamiseen ja suojaamiseen. Antaa pinnalle kiilt\u00e4v\u00e4n kiillon. Pinta saa antistaattisia ja hydrofobisia ominaisuuksia, mink\u00e4 ansiosta se s\u00e4ilytt\u00e4\u00e4 uuden ja puhtaan ulkon\u00e4\u00f6n pidemp\u00e4\u00e4n. Tuote on k\u00e4ytt\u00f6valmis ja miellytt\u00e4v\u00e4n tuoksuinen. K\u00c4YTT\u00d6OHJE:Levit\u00e4 neste tasaisesti pinnalle suihkepullolla tai liinalla. Hiero huolellisesti py\u00f6rivin liikkein pintaan.<\/p>","protected":false},"featured_media":1646,"comment_status":"open","ping_status":"closed","template":"","meta":{"site-sidebar-layout":"default","site-content-layout":"","ast-site-content-layout":"default","site-content-style":"default","site-sidebar-style":"default","ast-global-header-display":"","ast-banner-title-visibility":"","ast-main-header-display":"","ast-hfb-above-header-display":"","ast-hfb-below-header-display":"","ast-hfb-mobile-header-display":"","site-post-title":"","ast-breadcrumbs-content":"","ast-featured-img":"","footer-sml-layout":"","theme-transparent-header-meta":"default","adv-header-id-meta":"","stick-header-meta":"","header-above-stick-meta":"","header-main-stick-meta":"","header-below-stick-meta":"","astra-migrate-meta-layouts":"set","ast-page-background-enabled":"default","ast-page-background-meta":{"desktop":{"background-color":"var(--ast-global-color-4)","background-image":"","background-repeat":"repeat","background-position":"center center","background-size":"auto","background-attachment":"scroll","background-type":"","background-media":"","overlay-type":"","overlay-color":"","overlay-opacity":"","overlay-gradient":""},"tablet":{"background-color":"","background-image":"","background-repeat":"repeat","background-position":"center center","background-size":"auto","background-attachment":"scroll","background-type":"","background-media":"","overlay-type":"","overlay-color":"","overlay-opacity":"","overlay-gradient":""},"mobile":{"background-color":"","background-image":"","background-repeat":"repeat","background-position":"center center","background-size":"auto","background-attachment":"scroll","background-type":"","background-media":"","overlay-type":"","overlay-color":"","overlay-opacity":"","overlay-gradient":""}},"ast-content-background-meta":{"desktop":{"background-color":"var(--ast-global-color-5)","background-image":"","background-repeat":"repeat","background-position":"center center","background-size":"auto","background-attachment":"scroll","background-type":"","background-media":"","overlay-type":"","overlay-color":"","overlay-opacity":"","overlay-gradient":""},"tablet":{"background-color":"var(--ast-global-color-5)","background-image":"","background-repeat":"repeat","background-position":"center center","background-size":"auto","background-attachment":"scroll","background-type":"","background-media":"","overlay-type":"","overlay-color":"","overlay-opacity":"","overlay-gradient":""},"mobile":{"background-color":"var(--ast-global-color-5)","background-image":"","background-repeat":"repeat","background-position":"center center","background-size":"auto","background-attachment":"scroll","background-type":"","background-media":"","overlay-type":"","overlay-color":"","overlay-opacity":"","overlay-gradient":""}}},"product_brand":[],"product_cat":[57,56,43],"product_tag":[],"class_list":{"0":"post-1645","1":"product","2":"type-product","3":"status-publish","4":"has-post-thumbnail","6":"product_cat-kankaan-puhdistusaineet","7":"product_cat-muovin-puhdistusaineet","8":"product_cat-sisatila","9":"desktop-align-left","10":"tablet-align-left","11":"mobile-align-center","13":"first","14":"instock","15":"shipping-taxable","16":"purchasable","17":"product-type-simple"},"_links":{"self":[{"href":"https:\/\/autoshine.fi\/ua\/wp-json\/wp\/v2\/product\/1645","targetHints":{"allow":["GET"]}}],"collection":[{"href":"https:\/\/autoshine.fi\/ua\/wp-json\/wp\/v2\/product"}],"about":[{"href":"https:\/\/autoshine.fi\/ua\/wp-json\/wp\/v2\/types\/product"}],"replies":[{"embeddable":true,"href":"https:\/\/autoshine.fi\/ua\/wp-json\/wp\/v2\/comments?post=1645"}],"wp:featuredmedia":[{"embeddable":true,"href":"https:\/\/autoshine.fi\/ua\/wp-json\/wp\/v2\/media\/1646"}],"wp:attachment":[{"href":"https:\/\/autoshine.fi\/ua\/wp-json\/wp\/v2\/media?parent=1645"}],"wp:term":[{"taxonomy":"product_brand","embeddable":true,"href":"https:\/\/autoshine.fi\/ua\/wp-json\/wp\/v2\/product_brand?post=1645"},{"taxonomy":"product_cat","embeddable":true,"href":"https:\/\/autoshine.fi\/ua\/wp-json\/wp\/v2\/product_cat?post=1645"},{"taxonomy":"product_tag","embeddable":true,"href":"https:\/\/autoshine.fi\/ua\/wp-json\/wp\/v2\/product_tag?post=1645"}],"curies":[{"name":"wp","href":"https:\/\/api.w.org\/{rel}","templated":true}]}}