{"id":1659,"date":"2025-06-25T22:39:42","date_gmt":"2025-06-25T19:39:42","guid":{"rendered":"https:\/\/autoshine.fi\/?post_type=product&#038;p=1659"},"modified":"2025-11-04T23:32:29","modified_gmt":"2025-11-04T20:32:29","slug":"antibitum-0-5kg","status":"publish","type":"product","link":"https:\/\/autoshine.fi\/ua\/product\/antibitum-0-5kg\/","title":{"rendered":"Liuotinpesuaine &#8221;Polychrom 2020 ANTIBITUM&#8221;,0.5l"},"content":{"rendered":"<p data-start=\"67\" data-end=\"91\"><strong data-start=\"67\" data-end=\"91\">BITUMININ POISTOAINE<\/strong><\/p>\n<p data-start=\"93\" data-end=\"219\">Nestem\u00e4inen aine suunniteltu poistamaan petroleum-tuotteita, bitumin-tahroja, kumij\u00e4lki\u00e4 ja liimaa. Maalipinnalle turvallinen.<\/p>\n<p><span style=\"font-weight: 400;\">Poistaa tehokkaasti\u00a0 tiesuolan ja sen korvikkeet, bitumitahroja,\u00a0 rasva ja \u00f6ljypohjaiset liat, kumij\u00e4lki\u00e4, liimaa. Se on turvallinen maalipinnoille.<\/span><\/p>\n<p><span style=\"font-weight: 400;\">AINESOSAT Orgaanisten liuottimien seos, jonka pitoisuus on yli 30 %.<\/span><\/p>\n<p><span style=\"font-weight: 400;\">K\u00c4YTT\u00d6OHJE: levit\u00e4 tuotetta pinnalle, odota 1-10 minuuttia, pyyhi pinta pehme\u00e4ll\u00e4 liinalla, huuhtele paineellisella vesisuihkulla. Toista prosessi tarvittaessa.<\/span><\/p>\n<p><span style=\"font-weight: 400;\">\u00a0S\u00c4ILYTYSOLOSUHTEET: S\u00e4ilyt\u00e4 +5\u00b0C ja +30\u00b0C v\u00e4lisess\u00e4 l\u00e4mp\u00f6tilassa ilman suoraa auringonvaloa.<\/span><\/p>\n<p><span style=\"font-weight: 400;\">S\u00c4ILYTYSAIKA: 2 vuotta valmistusp\u00e4iv\u00e4st\u00e4. Er\u00e4numero ja valmistusp\u00e4iv\u00e4 on merkitty pakkaukseen.<\/span><\/p>\n<p><span style=\"font-weight: 400;\">VAROITUKSET: Noudata k\u00e4ytt\u00f6- ja s\u00e4ilytysohjeita. Syttyv\u00e4\u00e4!<\/span><\/p>\n<p><span style=\"font-weight: 400;\">TURVALLISUUSTIEDOT:\u00a0 VAROITUS. S\u00e4ilytett\u00e4v\u00e4 lasten ulottumattomissa. Ei saa niell\u00e4. Jos joutuu iholle tai silmiin, huuhtele juoksevalla vedell\u00e4 ja hakeudu tarvittaessa l\u00e4\u00e4k\u00e4riin. K\u00e4ytett\u00e4ess\u00e4 k\u00e4ytett\u00e4v\u00e4 henkil\u00f6kohtaisia suojavarusteita.<\/span><\/p>","protected":false},"excerpt":{"rendered":"<p>BITUMININ POISTOAINE Nestem\u00e4inen aine suunniteltu poistamaan petroleum-tuotteita, bitumin-tahroja, kumij\u00e4lki\u00e4 ja liimaa. Maalipinnalle turvallinen. Poistaa tehokkaasti\u00a0 tiesuolan ja sen korvikkeet, bitumitahroja,\u00a0 rasva ja \u00f6ljypohjaiset liat, kumij\u00e4lki\u00e4, liimaa. Se on turvallinen maalipinnoille. AINESOSAT Orgaanisten liuottimien seos, jonka pitoisuus on yli 30 %. K\u00c4YTT\u00d6OHJE: levit\u00e4 tuotetta pinnalle, odota 1-10 minuuttia, pyyhi pinta pehme\u00e4ll\u00e4 liinalla, huuhtele paineellisella vesisuihkulla. Toista [&hellip;]<\/p>","protected":false},"featured_media":1662,"comment_status":"open","ping_status":"closed","template":"","meta":{"site-sidebar-layout":"default","site-content-layout":"","ast-site-content-layout":"default","site-content-style":"default","site-sidebar-style":"default","ast-global-header-display":"","ast-banner-title-visibility":"","ast-main-header-display":"","ast-hfb-above-header-display":"","ast-hfb-below-header-display":"","ast-hfb-mobile-header-display":"","site-post-title":"","ast-breadcrumbs-content":"","ast-featured-img":"","footer-sml-layout":"","theme-transparent-header-meta":"default","adv-header-id-meta":"","stick-header-meta":"","header-above-stick-meta":"","header-main-stick-meta":"","header-below-stick-meta":"","astra-migrate-meta-layouts":"set","ast-page-background-enabled":"default","ast-page-background-meta":{"desktop":{"background-color":"var(--ast-global-color-4)","background-image":"","background-repeat":"repeat","background-position":"center center","background-size":"auto","background-attachment":"scroll","background-type":"","background-media":"","overlay-type":"","overlay-color":"","overlay-opacity":"","overlay-gradient":""},"tablet":{"background-color":"","background-image":"","background-repeat":"repeat","background-position":"center center","background-size":"auto","background-attachment":"scroll","background-type":"","background-media":"","overlay-type":"","overlay-color":"","overlay-opacity":"","overlay-gradient":""},"mobile":{"background-color":"","background-image":"","background-repeat":"repeat","background-position":"center center","background-size":"auto","background-attachment":"scroll","background-type":"","background-media":"","overlay-type":"","overlay-color":"","overlay-opacity":"","overlay-gradient":""}},"ast-content-background-meta":{"desktop":{"background-color":"var(--ast-global-color-5)","background-image":"","background-repeat":"repeat","background-position":"center center","background-size":"auto","background-attachment":"scroll","background-type":"","background-media":"","overlay-type":"","overlay-color":"","overlay-opacity":"","overlay-gradient":""},"tablet":{"background-color":"var(--ast-global-color-5)","background-image":"","background-repeat":"repeat","background-position":"center center","background-size":"auto","background-attachment":"scroll","background-type":"","background-media":"","overlay-type":"","overlay-color":"","overlay-opacity":"","overlay-gradient":""},"mobile":{"background-color":"var(--ast-global-color-5)","background-image":"","background-repeat":"repeat","background-position":"center center","background-size":"auto","background-attachment":"scroll","background-type":"","background-media":"","overlay-type":"","overlay-color":"","overlay-opacity":"","overlay-gradient":""}}},"product_brand":[],"product_cat":[50,42],"product_tag":[],"class_list":{"0":"post-1659","1":"product","2":"type-product","3":"status-publish","4":"has-post-thumbnail","6":"product_cat-bitumin-poistajat","7":"product_cat-ulkopuoli","8":"desktop-align-left","9":"tablet-align-left","10":"mobile-align-center","12":"first","13":"instock","14":"shipping-taxable","15":"purchasable","16":"product-type-simple"},"_links":{"self":[{"href":"https:\/\/autoshine.fi\/ua\/wp-json\/wp\/v2\/product\/1659","targetHints":{"allow":["GET"]}}],"collection":[{"href":"https:\/\/autoshine.fi\/ua\/wp-json\/wp\/v2\/product"}],"about":[{"href":"https:\/\/autoshine.fi\/ua\/wp-json\/wp\/v2\/types\/product"}],"replies":[{"embeddable":true,"href":"https:\/\/autoshine.fi\/ua\/wp-json\/wp\/v2\/comments?post=1659"}],"wp:featuredmedia":[{"embeddable":true,"href":"https:\/\/autoshine.fi\/ua\/wp-json\/wp\/v2\/media\/1662"}],"wp:attachment":[{"href":"https:\/\/autoshine.fi\/ua\/wp-json\/wp\/v2\/media?parent=1659"}],"wp:term":[{"taxonomy":"product_brand","embeddable":true,"href":"https:\/\/autoshine.fi\/ua\/wp-json\/wp\/v2\/product_brand?post=1659"},{"taxonomy":"product_cat","embeddable":true,"href":"https:\/\/autoshine.fi\/ua\/wp-json\/wp\/v2\/product_cat?post=1659"},{"taxonomy":"product_tag","embeddable":true,"href":"https:\/\/autoshine.fi\/ua\/wp-json\/wp\/v2\/product_tag?post=1659"}],"curies":[{"name":"wp","href":"https:\/\/api.w.org\/{rel}","templated":true}]}}