{"id":1828,"date":"2025-08-14T12:36:10","date_gmt":"2025-08-14T09:36:10","guid":{"rendered":"https:\/\/autoshine.fi\/?post_type=product&#038;p=1828"},"modified":"2025-10-27T11:50:19","modified_gmt":"2025-10-27T08:50:19","slug":"engine-cleaner-5l","status":"publish","type":"product","link":"https:\/\/autoshine.fi\/ua\/product\/engine-cleaner-5l\/","title":{"rendered":"Moottorin puhdistusaine &#8221;Polychrom 2020 ENGINE CLEANER&#8221; 5L"},"content":{"rendered":"<p><b>Moottorin puhdistusaine<\/b><\/p>\n<p><span style=\"font-weight: 400;\">Tuote on suunniteltu poistamaan tehokkaasti ja nopeasti moottori\u00f6ljyn j\u00e4\u00e4m\u00e4t, tekniset nesteet ja muu lika moottorin pinnalta. Ei vahingoita kumi- ja muoviosia. Suojaa metallipintoja korroosiolta. Ei sis\u00e4ll\u00e4 vaarallisia ja haitallisia liuottimia.<\/span><\/p>\n<p><b>AINESOSAT:<\/b><span style=\"font-weight: 400;\"> demineralisoitu vesi, natriumhydroksidi 5-10 %, kompleksineste 5-10 %, amfoteerinen pinta-aktiivinen aine 5-10 %, ei-ioninen pinta-aktiivinen aine 5-15 %, orgaaninen liuotin 5-10 %, v\u00e4riaine.<\/span><\/p>\n<p><b>K\u00c4YTT\u00d6OHJE:<\/b><span style=\"font-weight: 400;\"> Suihkuta tuotetta pinnalle, odota 1-2 minuuttia, kunnes neste liuottaa lian, k\u00e4sittele vaikea lika harjalla. \u00c4l\u00e4 anna tuotteen kuivua puhdistettavalle pinnalle. Levit\u00e4 kylm\u00e4ll\u00e4 moottorilla.<\/span><\/p>\n<p><b>S\u00c4ILYTYSOLOSUHTEET:<\/b><span style=\"font-weight: 400;\"> S\u00e4ilyt\u00e4 +5\u00b0C ja +30\u00b0C v\u00e4lisess\u00e4 l\u00e4mp\u00f6tilassa ilman suoraa auringonvaloa.<\/span><\/p>\n<p><b>S\u00c4ILYTYSAIKA:<\/b><span style=\"font-weight: 400;\"> 2 vuotta valmistusp\u00e4iv\u00e4st\u00e4. Er\u00e4numero ja valmistusp\u00e4iv\u00e4 on merkitty pakkaukseen.<\/span><\/p>\n<p><b>VAROITUS:<\/b><span style=\"font-weight: 400;\"> Noudata k\u00e4ytt\u00f6- ja s\u00e4ilytysohjeita.<\/span><\/p>\n<p><b>TURVALLISUUSOHJEET:<\/b><span style=\"font-weight: 400;\"> Varoitus. S\u00e4ilytett\u00e4v\u00e4 lasten ulottumattomissa. Ei saa niell\u00e4. Jos joutuu iholle tai silmiin, huuhtele juoksevalla vedell\u00e4, hakeudu tarvittaessa l\u00e4\u00e4k\u00e4riin. K\u00e4ytett\u00e4ess\u00e4 k\u00e4ytett\u00e4v\u00e4 suojavarusteita.<\/span><span style=\"font-weight: 400;\"><br \/>\n<\/span><\/p>","protected":false},"excerpt":{"rendered":"<p>Moottorin puhdistusaine Tuote on suunniteltu poistamaan tehokkaasti ja nopeasti moottori\u00f6ljyn j\u00e4\u00e4m\u00e4t, tekniset nesteet ja muu lika moottorin pinnalta. Ei vahingoita kumi- ja muoviosia. Suojaa metallipintoja korroosiolta. Ei sis\u00e4ll\u00e4 vaarallisia ja haitallisia liuottimia. AINESOSAT: demineralisoitu vesi, natriumhydroksidi 5-10 %, kompleksineste 5-10 %, amfoteerinen pinta-aktiivinen aine 5-10 %, ei-ioninen pinta-aktiivinen aine 5-15 %, orgaaninen liuotin 5-10 %, [&hellip;]<\/p>","protected":false},"featured_media":1944,"comment_status":"open","ping_status":"closed","template":"","meta":{"site-sidebar-layout":"default","site-content-layout":"","ast-site-content-layout":"default","site-content-style":"default","site-sidebar-style":"default","ast-global-header-display":"","ast-banner-title-visibility":"","ast-main-header-display":"","ast-hfb-above-header-display":"","ast-hfb-below-header-display":"","ast-hfb-mobile-header-display":"","site-post-title":"","ast-breadcrumbs-content":"","ast-featured-img":"","footer-sml-layout":"","theme-transparent-header-meta":"default","adv-header-id-meta":"","stick-header-meta":"","header-above-stick-meta":"","header-main-stick-meta":"","header-below-stick-meta":"","astra-migrate-meta-layouts":"set","ast-page-background-enabled":"default","ast-page-background-meta":{"desktop":{"background-color":"var(--ast-global-color-4)","background-image":"","background-repeat":"repeat","background-position":"center center","background-size":"auto","background-attachment":"scroll","background-type":"","background-media":"","overlay-type":"","overlay-color":"","overlay-opacity":"","overlay-gradient":""},"tablet":{"background-color":"","background-image":"","background-repeat":"repeat","background-position":"center center","background-size":"auto","background-attachment":"scroll","background-type":"","background-media":"","overlay-type":"","overlay-color":"","overlay-opacity":"","overlay-gradient":""},"mobile":{"background-color":"","background-image":"","background-repeat":"repeat","background-position":"center center","background-size":"auto","background-attachment":"scroll","background-type":"","background-media":"","overlay-type":"","overlay-color":"","overlay-opacity":"","overlay-gradient":""}},"ast-content-background-meta":{"desktop":{"background-color":"var(--ast-global-color-5)","background-image":"","background-repeat":"repeat","background-position":"center center","background-size":"auto","background-attachment":"scroll","background-type":"","background-media":"","overlay-type":"","overlay-color":"","overlay-opacity":"","overlay-gradient":""},"tablet":{"background-color":"var(--ast-global-color-5)","background-image":"","background-repeat":"repeat","background-position":"center center","background-size":"auto","background-attachment":"scroll","background-type":"","background-media":"","overlay-type":"","overlay-color":"","overlay-opacity":"","overlay-gradient":""},"mobile":{"background-color":"var(--ast-global-color-5)","background-image":"","background-repeat":"repeat","background-position":"center center","background-size":"auto","background-attachment":"scroll","background-type":"","background-media":"","overlay-type":"","overlay-color":"","overlay-opacity":"","overlay-gradient":""}}},"product_brand":[],"product_cat":[60,46],"product_tag":[],"class_list":{"0":"post-1828","1":"product","2":"type-product","3":"status-publish","4":"has-post-thumbnail","6":"product_cat-moottorin-ulkopuolen-puhdistusaineet","7":"product_cat-moottoritila","8":"desktop-align-left","9":"tablet-align-left","10":"mobile-align-center","12":"first","13":"instock","14":"sale","15":"shipping-taxable","16":"purchasable","17":"product-type-simple"},"_links":{"self":[{"href":"https:\/\/autoshine.fi\/ua\/wp-json\/wp\/v2\/product\/1828","targetHints":{"allow":["GET"]}}],"collection":[{"href":"https:\/\/autoshine.fi\/ua\/wp-json\/wp\/v2\/product"}],"about":[{"href":"https:\/\/autoshine.fi\/ua\/wp-json\/wp\/v2\/types\/product"}],"replies":[{"embeddable":true,"href":"https:\/\/autoshine.fi\/ua\/wp-json\/wp\/v2\/comments?post=1828"}],"wp:featuredmedia":[{"embeddable":true,"href":"https:\/\/autoshine.fi\/ua\/wp-json\/wp\/v2\/media\/1944"}],"wp:attachment":[{"href":"https:\/\/autoshine.fi\/ua\/wp-json\/wp\/v2\/media?parent=1828"}],"wp:term":[{"taxonomy":"product_brand","embeddable":true,"href":"https:\/\/autoshine.fi\/ua\/wp-json\/wp\/v2\/product_brand?post=1828"},{"taxonomy":"product_cat","embeddable":true,"href":"https:\/\/autoshine.fi\/ua\/wp-json\/wp\/v2\/product_cat?post=1828"},{"taxonomy":"product_tag","embeddable":true,"href":"https:\/\/autoshine.fi\/ua\/wp-json\/wp\/v2\/product_tag?post=1828"}],"curies":[{"name":"wp","href":"https:\/\/api.w.org\/{rel}","templated":true}]}}