{"id":1899,"date":"2025-08-14T13:43:08","date_gmt":"2025-08-14T10:43:08","guid":{"rendered":"https:\/\/autoshine.fi\/?post_type=product&#038;p=1899"},"modified":"2025-10-27T11:22:58","modified_gmt":"2025-10-27T08:22:58","slug":"leather-conditioner-5l","status":"publish","type":"product","link":"https:\/\/autoshine.fi\/ua\/product\/leather-conditioner-5l\/","title":{"rendered":"NAHANPUHDISTUSAINE &#8221;Polychrom 2020 \u201dLEATHER CLEANER\u201d 5 l."},"content":{"rendered":"<p><b>NAHANPUHDISTUSAINE<\/b><b><br \/>\n<\/b><span style=\"font-weight: 400;\">Poistaa tehokkaasti lian auton sis\u00e4tilojen nahkapinnoilta sek\u00e4 muilta luonnon- ja keinonahkapinnoilta. Ainutlaatuinen liuotinvapaa ja hankausaineeton koostumus puhdistaa nahan sit\u00e4 vahingoittamatta.<\/span><\/p>\n<p><b>AINESOSAT<\/b><span style=\"font-weight: 400;\">: demineralisoitu vesi, kompleksit alle 5 %, anioninen pinta-aktiivinen aine 5\u201310 %, amfoteerinen pinta-aktiivinen aine 5\u201310 %, ei-ioninen pinta-aktiivinen aine 5\u201315 %, glyseriini alle 5 %, v\u00e4riaine, hajuste.<\/span><span style=\"font-weight: 400;\"><br \/>\n<\/span><b>K\u00c4YTT\u00d6OHJE<\/b><span style=\"font-weight: 400;\">: Levit\u00e4 tuotetta nahkapinnalle. Anna vaikuttaa muutama minuutti. Pyyhi kostealla keinomokkaliinalla, kunnes tahrat ja lika on poistettu. Poista ylim\u00e4\u00e4r\u00e4inen kosteus mikrokuituliinalla.<\/span><span style=\"font-weight: 400;\"><br \/>\n<\/span><b>S\u00c4ILYTYSOLOSUHTEET<\/b><span style=\"font-weight: 400;\">: S\u00e4ilyt\u00e4 +5 \u00b0C ja +30 \u00b0C v\u00e4lill\u00e4 ilman suoraa auringonvaloa.<\/span><span style=\"font-weight: 400;\"><br \/>\n<\/span><b>S\u00c4ILYVYYS<\/b><span style=\"font-weight: 400;\">: 2 vuotta valmistusp\u00e4iv\u00e4st\u00e4. Er\u00e4numero ja valmistusp\u00e4iv\u00e4 on merkitty pakkaukseen.<\/span><span style=\"font-weight: 400;\"><br \/>\n<\/span><b>VAROITUS<\/b><span style=\"font-weight: 400;\">: Noudata k\u00e4ytt\u00f6- ja s\u00e4ilytysohjeita. Testaa huomaamattomalle alueelle ennen k\u00e4ytt\u00f6\u00e4.<\/span><span style=\"font-weight: 400;\"><br \/>\n<\/span><\/p>","protected":false},"excerpt":{"rendered":"<p><b>NAHANPUHDISTUSAINE<\/b><b><br \/>\n<\/b><span style=\"font-weight: 400;\">Poistaa tehokkaasti lian auton sis\u00e4tilojen nahkapinnoilta sek\u00e4 muilta luonnon- ja keinonahkapinnoilta. Ainutlaatuinen liuotinvapaa ja hankausaineeton koostumus puhdistaa nahan sit\u00e4 vahingoittamatta.<\/span><\/p>","protected":false},"featured_media":1900,"comment_status":"open","ping_status":"closed","template":"","meta":{"site-sidebar-layout":"default","site-content-layout":"","ast-site-content-layout":"default","site-content-style":"default","site-sidebar-style":"default","ast-global-header-display":"","ast-banner-title-visibility":"","ast-main-header-display":"","ast-hfb-above-header-display":"","ast-hfb-below-header-display":"","ast-hfb-mobile-header-display":"","site-post-title":"","ast-breadcrumbs-content":"","ast-featured-img":"","footer-sml-layout":"","theme-transparent-header-meta":"default","adv-header-id-meta":"","stick-header-meta":"","header-above-stick-meta":"","header-main-stick-meta":"","header-below-stick-meta":"","astra-migrate-meta-layouts":"set","ast-page-background-enabled":"default","ast-page-background-meta":{"desktop":{"background-color":"var(--ast-global-color-4)","background-image":"","background-repeat":"repeat","background-position":"center center","background-size":"auto","background-attachment":"scroll","background-type":"","background-media":"","overlay-type":"","overlay-color":"","overlay-opacity":"","overlay-gradient":""},"tablet":{"background-color":"","background-image":"","background-repeat":"repeat","background-position":"center center","background-size":"auto","background-attachment":"scroll","background-type":"","background-media":"","overlay-type":"","overlay-color":"","overlay-opacity":"","overlay-gradient":""},"mobile":{"background-color":"","background-image":"","background-repeat":"repeat","background-position":"center center","background-size":"auto","background-attachment":"scroll","background-type":"","background-media":"","overlay-type":"","overlay-color":"","overlay-opacity":"","overlay-gradient":""}},"ast-content-background-meta":{"desktop":{"background-color":"var(--ast-global-color-5)","background-image":"","background-repeat":"repeat","background-position":"center center","background-size":"auto","background-attachment":"scroll","background-type":"","background-media":"","overlay-type":"","overlay-color":"","overlay-opacity":"","overlay-gradient":""},"tablet":{"background-color":"var(--ast-global-color-5)","background-image":"","background-repeat":"repeat","background-position":"center center","background-size":"auto","background-attachment":"scroll","background-type":"","background-media":"","overlay-type":"","overlay-color":"","overlay-opacity":"","overlay-gradient":""},"mobile":{"background-color":"var(--ast-global-color-5)","background-image":"","background-repeat":"repeat","background-position":"center center","background-size":"auto","background-attachment":"scroll","background-type":"","background-media":"","overlay-type":"","overlay-color":"","overlay-opacity":"","overlay-gradient":""}}},"product_brand":[],"product_cat":[58,43],"product_tag":[],"class_list":{"0":"post-1899","1":"product","2":"type-product","3":"status-publish","4":"has-post-thumbnail","6":"product_cat-nahanhoitotuotteet","7":"product_cat-sisatila","8":"desktop-align-left","9":"tablet-align-left","10":"mobile-align-center","12":"first","13":"instock","14":"sale","15":"shipping-taxable","16":"purchasable","17":"product-type-simple"},"_links":{"self":[{"href":"https:\/\/autoshine.fi\/ua\/wp-json\/wp\/v2\/product\/1899","targetHints":{"allow":["GET"]}}],"collection":[{"href":"https:\/\/autoshine.fi\/ua\/wp-json\/wp\/v2\/product"}],"about":[{"href":"https:\/\/autoshine.fi\/ua\/wp-json\/wp\/v2\/types\/product"}],"replies":[{"embeddable":true,"href":"https:\/\/autoshine.fi\/ua\/wp-json\/wp\/v2\/comments?post=1899"}],"wp:featuredmedia":[{"embeddable":true,"href":"https:\/\/autoshine.fi\/ua\/wp-json\/wp\/v2\/media\/1900"}],"wp:attachment":[{"href":"https:\/\/autoshine.fi\/ua\/wp-json\/wp\/v2\/media?parent=1899"}],"wp:term":[{"taxonomy":"product_brand","embeddable":true,"href":"https:\/\/autoshine.fi\/ua\/wp-json\/wp\/v2\/product_brand?post=1899"},{"taxonomy":"product_cat","embeddable":true,"href":"https:\/\/autoshine.fi\/ua\/wp-json\/wp\/v2\/product_cat?post=1899"},{"taxonomy":"product_tag","embeddable":true,"href":"https:\/\/autoshine.fi\/ua\/wp-json\/wp\/v2\/product_tag?post=1899"}],"curies":[{"name":"wp","href":"https:\/\/api.w.org\/{rel}","templated":true}]}}