{"id":1902,"date":"2025-08-14T13:44:31","date_gmt":"2025-08-14T10:44:31","guid":{"rendered":"https:\/\/autoshine.fi\/?post_type=product&#038;p=1902"},"modified":"2025-11-04T23:31:34","modified_gmt":"2025-11-04T20:31:34","slug":"truck-wash-1l","status":"publish","type":"product","link":"https:\/\/autoshine.fi\/ua\/product\/truck-wash-1l\/","title":{"rendered":"Tiivistetty, eritt\u00e4in em\u00e4ksinen tuote kuorma-autojen ja erikoislaitteiden pesuun &#8221;Polychrom 2020 &#8221;TRUCK WASH&#8221; 1,1 kg"},"content":{"rendered":"<p>Keskittynyt, eritt\u00e4in em\u00e4ksinen tuote kuorma-autojen ja erikoislaitteiden pesuun<br \/>\nKeskittynyt, eritt\u00e4in em\u00e4ksinen pesuaine kontaktittomaan pesuun. Tarkoitettu kuorma-autojen, erikois- ja henkil\u00f6autojen sek\u00e4 markiisien, alustojen, moottoreiden, s\u00e4ili\u00f6autojen, rautatievaunujen, konttien ja maatalouskoneiden pesuun. Poistaa pinnalta lian, p\u00f6lyn, \u00f6ljyn ja hy\u00f6nteisten j\u00e4ljet.<br \/>\nKOOSTUMUS: demineralisoitu vesi, natriumhydroksidi 5\u201315 %, kompleksinmuodostajat 5\u201315 %, anioninen pinta-aktiivinen aine 5\u201315 %, amfoteerinen pinta-aktiivinen aine 5\u201315 %, ioniton pinta-aktiivinen aine 5\u201315 %, orgaaninen liuotin alle 5 %, v\u00e4riaine.<\/p>\n<p>K\u00c4YTT\u00d6OHJEET:<br \/>\n1. Tiiviste on laimennettava vedell\u00e4: 1:6\u20131:12 vaahtosarjoille; 1:60\u20131:120 matalapaineiselle vaahtogeneraattorille.<br \/>\n2. Valmis liuos voidaan levitt\u00e4\u00e4 kuivalle ajoneuvolle.<br \/>\nVaikutusaika on enint\u00e4\u00e4n kaksi minuuttia. \u00c4l\u00e4 anna kuivua.<br \/>\n3. Tuote on huuhdeltava pois v\u00e4hint\u00e4\u00e4n 5\u20136 atmosf\u00e4\u00e4rin paineella 15\u201320 cm:n et\u00e4isyydelt\u00e4 ja kulmassa pintaan n\u00e4hden.<br \/>\nS\u00c4ILYTYSolosuhteet: s\u00e4ilyt\u00e4 +5 \u00b0C \u2013 +30 \u00b0C:n l\u00e4mp\u00f6tilassa ilman suoraa auringonvaloa.<\/p>\n<p>VAROITUS: ole varovainen levitt\u00e4ess\u00e4si tuotetta alumiinipinnoille ja \u00e4l\u00e4 k\u00e4yt\u00e4 sit\u00e4 kromilla tai nikkelill\u00e4, noudata k\u00e4ytt\u00f6- ja s\u00e4ilytysohjeita.<\/p>\n<p>TURVALLISUUSOHJEET: Ole varovainen! S\u00e4ilyt\u00e4 lasten ulottumattomissa. \u00c4l\u00e4 niele. Jos tuotetta joutuu iholle tai silmiin, huuhtele juoksevalla vedell\u00e4 ja ota yhteys l\u00e4\u00e4k\u00e4riin. K\u00e4yt\u00e4 henkil\u00f6kohtaisia suojavarusteita k\u00e4yt\u00f6n aikana.<\/p>\n<p>&nbsp;<\/p>","protected":false},"excerpt":{"rendered":"<p>Keskittynyt, eritt\u00e4in em\u00e4ksinen tuote kuorma-autojen ja erikoislaitteiden pesuun Keskittynyt, eritt\u00e4in em\u00e4ksinen pesuaine kontaktittomaan pesuun. Tarkoitettu kuorma-autojen, erikois- ja henkil\u00f6autojen sek\u00e4 markiisien, alustojen, moottoreiden, s\u00e4ili\u00f6autojen, rautatievaunujen, konttien ja maatalouskoneiden pesuun. Poistaa pinnalta lian, p\u00f6lyn, \u00f6ljyn ja hy\u00f6nteisten j\u00e4ljet. KOOSTUMUS: demineralisoitu vesi, natriumhydroksidi 5\u201315 %, kompleksinmuodostajat 5\u201315 %, anioninen pinta-aktiivinen aine 5\u201315 %, amfoteerinen pinta-aktiivinen aine 5\u201315 [&hellip;]<\/p>","protected":false},"featured_media":1903,"comment_status":"open","ping_status":"closed","template":"","meta":{"site-sidebar-layout":"default","site-content-layout":"","ast-site-content-layout":"default","site-content-style":"default","site-sidebar-style":"default","ast-global-header-display":"","ast-banner-title-visibility":"","ast-main-header-display":"","ast-hfb-above-header-display":"","ast-hfb-below-header-display":"","ast-hfb-mobile-header-display":"","site-post-title":"","ast-breadcrumbs-content":"","ast-featured-img":"","footer-sml-layout":"","theme-transparent-header-meta":"default","adv-header-id-meta":"","stick-header-meta":"","header-above-stick-meta":"","header-main-stick-meta":"","header-below-stick-meta":"","astra-migrate-meta-layouts":"set","ast-page-background-enabled":"default","ast-page-background-meta":{"desktop":{"background-color":"var(--ast-global-color-4)","background-image":"","background-repeat":"repeat","background-position":"center center","background-size":"auto","background-attachment":"scroll","background-type":"","background-media":"","overlay-type":"","overlay-color":"","overlay-opacity":"","overlay-gradient":""},"tablet":{"background-color":"","background-image":"","background-repeat":"repeat","background-position":"center center","background-size":"auto","background-attachment":"scroll","background-type":"","background-media":"","overlay-type":"","overlay-color":"","overlay-opacity":"","overlay-gradient":""},"mobile":{"background-color":"","background-image":"","background-repeat":"repeat","background-position":"center center","background-size":"auto","background-attachment":"scroll","background-type":"","background-media":"","overlay-type":"","overlay-color":"","overlay-opacity":"","overlay-gradient":""}},"ast-content-background-meta":{"desktop":{"background-color":"var(--ast-global-color-5)","background-image":"","background-repeat":"repeat","background-position":"center center","background-size":"auto","background-attachment":"scroll","background-type":"","background-media":"","overlay-type":"","overlay-color":"","overlay-opacity":"","overlay-gradient":""},"tablet":{"background-color":"var(--ast-global-color-5)","background-image":"","background-repeat":"repeat","background-position":"center center","background-size":"auto","background-attachment":"scroll","background-type":"","background-media":"","overlay-type":"","overlay-color":"","overlay-opacity":"","overlay-gradient":""},"mobile":{"background-color":"var(--ast-global-color-5)","background-image":"","background-repeat":"repeat","background-position":"center center","background-size":"auto","background-attachment":"scroll","background-type":"","background-media":"","overlay-type":"","overlay-color":"","overlay-opacity":"","overlay-gradient":""}}},"product_brand":[],"product_cat":[47,42],"product_tag":[],"class_list":{"0":"post-1902","1":"product","2":"type-product","3":"status-publish","4":"has-post-thumbnail","6":"product_cat-aktiivivaahto","7":"product_cat-ulkopuoli","8":"desktop-align-left","9":"tablet-align-left","10":"mobile-align-center","12":"first","13":"instock","14":"sale","15":"shipping-taxable","16":"purchasable","17":"product-type-simple"},"_links":{"self":[{"href":"https:\/\/autoshine.fi\/ua\/wp-json\/wp\/v2\/product\/1902","targetHints":{"allow":["GET"]}}],"collection":[{"href":"https:\/\/autoshine.fi\/ua\/wp-json\/wp\/v2\/product"}],"about":[{"href":"https:\/\/autoshine.fi\/ua\/wp-json\/wp\/v2\/types\/product"}],"replies":[{"embeddable":true,"href":"https:\/\/autoshine.fi\/ua\/wp-json\/wp\/v2\/comments?post=1902"}],"wp:featuredmedia":[{"embeddable":true,"href":"https:\/\/autoshine.fi\/ua\/wp-json\/wp\/v2\/media\/1903"}],"wp:attachment":[{"href":"https:\/\/autoshine.fi\/ua\/wp-json\/wp\/v2\/media?parent=1902"}],"wp:term":[{"taxonomy":"product_brand","embeddable":true,"href":"https:\/\/autoshine.fi\/ua\/wp-json\/wp\/v2\/product_brand?post=1902"},{"taxonomy":"product_cat","embeddable":true,"href":"https:\/\/autoshine.fi\/ua\/wp-json\/wp\/v2\/product_cat?post=1902"},{"taxonomy":"product_tag","embeddable":true,"href":"https:\/\/autoshine.fi\/ua\/wp-json\/wp\/v2\/product_tag?post=1902"}],"curies":[{"name":"wp","href":"https:\/\/api.w.org\/{rel}","templated":true}]}}